{"id":14,"date":"2025-03-13T08:32:27","date_gmt":"2025-03-13T08:32:27","guid":{"rendered":"https:\/\/mikroskopdlacharkowa.pl\/about-2\/"},"modified":"2025-03-18T20:56:30","modified_gmt":"2025-03-18T20:56:30","slug":"donate","status":"publish","type":"page","link":"https:\/\/mikroskopdlacharkowa.pl\/en\/donate\/","title":{"rendered":"Donate"},"content":{"rendered":"<div data-elementor-type=\"wp-page\" data-elementor-id=\"14\" class=\"elementor elementor-14\">\n\t\t\t\t<div class=\"elementor-element elementor-element-4094ee7 e-flex e-con-boxed e-con e-parent\" data-id=\"4094ee7\" data-element_type=\"container\" data-settings=\"{&quot;background_background&quot;:&quot;classic&quot;}\">\n\t\t\t\t\t<div class=\"e-con-inner\">\n\t\t<div class=\"elementor-element elementor-element-8695738 e-con-full e-flex e-con e-child\" data-id=\"8695738\" data-element_type=\"container\">\n\t\t\t\t<div class=\"elementor-element elementor-element-2646c9c elementor-widget elementor-widget-heading\" data-id=\"2646c9c\" data-element_type=\"widget\" data-widget_type=\"heading.default\">\n\t\t\t\t<div class=\"elementor-widget-container\">\n\t\t\t\t\t<h1 class=\"elementor-heading-title elementor-size-default\">Support the Initiative<\/h1>\t\t\t\t<\/div>\n\t\t\t\t<\/div>\n\t\t\t\t<\/div>\n\t\t\t\t\t<\/div>\n\t\t\t\t<\/div>\n\t\t<div class=\"elementor-element elementor-element-9b96389 e-flex e-con-boxed e-con e-parent\" data-id=\"9b96389\" data-element_type=\"container\">\n\t\t\t\t\t<div class=\"e-con-inner\">\n\t\t\t\t<div class=\"elementor-element elementor-element-cdd0285 elementor-widget elementor-widget-heading\" data-id=\"cdd0285\" data-element_type=\"widget\" data-widget_type=\"heading.default\">\n\t\t\t\t<div class=\"elementor-widget-container\">\n\t\t\t\t\t<h3 class=\"elementor-heading-title elementor-size-default\">Join the circle of people who will help hospital patients in Kharkiv see a better future!<\/h3>\t\t\t\t<\/div>\n\t\t\t\t<\/div>\n\t\t\t\t\t<\/div>\n\t\t\t\t<\/div>\n\t\t<div class=\"elementor-element elementor-element-d0316a5 e-flex e-con-boxed e-con e-parent\" data-id=\"d0316a5\" data-element_type=\"container\">\n\t\t\t\t\t<div class=\"e-con-inner\">\n\t\t<div class=\"elementor-element elementor-element-efc2016 e-con-full e-flex e-con e-child\" data-id=\"efc2016\" data-element_type=\"container\">\n\t\t\t\t<div class=\"elementor-element elementor-element-acc5efa elementor-widget elementor-widget-image\" data-id=\"acc5efa\" data-element_type=\"widget\" data-widget_type=\"image.default\">\n\t\t\t\t<div class=\"elementor-widget-container\">\n\t\t\t\t\t\t\t\t\t\t\t\t\t\t\t<img fetchpriority=\"high\" decoding=\"async\" width=\"1024\" height=\"574\" src=\"https:\/\/mikroskopdlacharkowa.pl\/wp-content\/uploads\/2025\/03\/eye-1024x574.jpeg\" class=\"attachment-large size-large wp-image-2286\" alt=\"\" srcset=\"https:\/\/mikroskopdlacharkowa.pl\/wp-content\/uploads\/2025\/03\/eye-1024x574.jpeg 1024w, https:\/\/mikroskopdlacharkowa.pl\/wp-content\/uploads\/2025\/03\/eye-300x168.jpeg 300w, https:\/\/mikroskopdlacharkowa.pl\/wp-content\/uploads\/2025\/03\/eye-768x430.jpeg 768w, https:\/\/mikroskopdlacharkowa.pl\/wp-content\/uploads\/2025\/03\/eye-1536x861.jpeg 1536w, https:\/\/mikroskopdlacharkowa.pl\/wp-content\/uploads\/2025\/03\/eye-2048x1148.jpeg 2048w, https:\/\/mikroskopdlacharkowa.pl\/wp-content\/uploads\/2025\/03\/eye-18x10.jpeg 18w\" sizes=\"(max-width: 1024px) 100vw, 1024px\" \/>\t\t\t\t\t\t\t\t\t\t\t\t\t\t\t<\/div>\n\t\t\t\t<\/div>\n\t\t\t\t<\/div>\n\t\t\t\t\t<\/div>\n\t\t\t\t<\/div>\n\t\t<div class=\"elementor-element elementor-element-031cced e-flex e-con-boxed e-con e-parent\" data-id=\"031cced\" data-element_type=\"container\">\n\t\t\t\t\t<div class=\"e-con-inner\">\n\t\t<div class=\"elementor-element elementor-element-e993d0f e-con-full e-flex e-con e-child\" data-id=\"e993d0f\" data-element_type=\"container\">\n\t\t\t\t<div class=\"elementor-element elementor-element-f6340c5 elementor-widget elementor-widget-heading\" data-id=\"f6340c5\" data-element_type=\"widget\" data-widget_type=\"heading.default\">\n\t\t\t\t<div class=\"elementor-widget-container\">\n\t\t\t\t\t<h2 class=\"elementor-heading-title elementor-size-default\">Online Donations<\/h2>\t\t\t\t<\/div>\n\t\t\t\t<\/div>\n\t\t\t\t<\/div>\n\t\t\t\t\t<\/div>\n\t\t\t\t<\/div>\n\t\t<div class=\"elementor-element elementor-element-a1caa5c e-flex e-con-boxed e-con e-parent\" data-id=\"a1caa5c\" data-element_type=\"container\">\n\t\t\t\t\t<div class=\"e-con-inner\">\n\t\t<div class=\"elementor-element elementor-element-dc73931 e-con-full e-flex e-con e-child\" data-id=\"dc73931\" data-element_type=\"container\">\n\t\t<div class=\"elementor-element elementor-element-0c682a2 e-con-full e-flex e-con e-child\" data-id=\"0c682a2\" data-element_type=\"container\">\n\t\t\t\t<div class=\"elementor-element elementor-element-3b3475a elementor-widget elementor-widget-text-editor\" data-id=\"3b3475a\" data-element_type=\"widget\" data-widget_type=\"text-editor.default\">\n\t\t\t\t<div class=\"elementor-widget-container\">\n\t\t\t\t\t\t\t\t\t<p class=\"translation-block\">Payments via <strong>PayU<\/strong> available on <span style=\"text-decoration: underline\"><a href=\"https:\/\/lublin.caritas.pl\/formularz-wplat\/?id=34887&amp;fbclid=IwZXh0bgNhZW0CMTEAAR1AjgeagAGRGpve7sIVYsKXNq2ZkJ34vhX5lup7Cd2J2W5oAd_6cajBUCc_aem_p8aLtPHzciS9gCMNEIXVJw\" target=\"_blank\" rel=\"noopener\"><b> the Caritas Lublin website<\/b><\/a><\/span><\/p>\t\t\t\t\t\t\t\t<\/div>\n\t\t\t\t<\/div>\n\t\t\t\t<\/div>\n\t\t\t\t<\/div>\n\t\t<div class=\"elementor-element elementor-element-d8f7cd6 e-con-full e-flex e-con e-child\" data-id=\"d8f7cd6\" data-element_type=\"container\">\n\t\t\t\t<\/div>\n\t\t\t\t\t<\/div>\n\t\t\t\t<\/div>\n\t\t<div class=\"elementor-element elementor-element-ae66dbd e-flex e-con-boxed e-con e-parent\" data-id=\"ae66dbd\" data-element_type=\"container\">\n\t\t\t\t\t<div class=\"e-con-inner\">\n\t\t<div class=\"elementor-element elementor-element-ce581c2 e-con-full e-flex e-con e-child\" data-id=\"ce581c2\" data-element_type=\"container\">\n\t\t<div class=\"elementor-element elementor-element-053b02a e-con-full e-flex e-con e-child\" data-id=\"053b02a\" data-element_type=\"container\">\n\t\t\t\t<div class=\"elementor-element elementor-element-4ebea8f elementor-widget__width-initial elementor-widget elementor-widget-text-editor\" data-id=\"4ebea8f\" data-element_type=\"widget\" data-widget_type=\"text-editor.default\">\n\t\t\t\t<div class=\"elementor-widget-container\">\n\t\t\t\t\t\t\t\t\t<p>PayPal <strong>payments<\/strong> <strong>PLN\/USD<\/strong><\/p>\t\t\t\t\t\t\t\t<\/div>\n\t\t\t\t<\/div>\n\t\t\t\t<\/div>\n\t\t\t\t<\/div>\n\t\t<div class=\"elementor-element elementor-element-4a36ff1 e-con-full e-flex e-con e-child\" data-id=\"4a36ff1\" data-element_type=\"container\">\n\t\t<div class=\"elementor-element elementor-element-79d1b46 e-con-full e-flex e-con e-child\" data-id=\"79d1b46\" data-element_type=\"container\">\n\t\t\t\t<div class=\"elementor-element elementor-element-47d0b56 elementor-widget elementor-widget-shortcode\" data-id=\"47d0b56\" data-element_type=\"widget\" data-widget_type=\"shortcode.default\">\n\t\t\t\t<div class=\"elementor-widget-container\">\n\t\t\t\t\t\t\t<div class=\"elementor-shortcode\"><div id=\"donate-button-container\">\n<div id=\"donate-button\"><\/div>\n<script src=\"https:\/\/www.paypalobjects.com\/donate\/sdk\/donate-sdk.js\" charset=\"UTF-8\"><\/script>\n<script>\nPayPal.Donation.Button({\nenv:'production',\nhosted_button_id:'ZXSK6Y9ED6626',\nimage: {\nsrc:'https:\/\/www.paypalobjects.com\/pl_PL\/PL\/i\/btn\/btn_donateCC_LG.gif',\nalt:'Przeka\u017c darowizn\u0119 za pomoc\u0105 przycisku PayPal',\ntitle:'PayPal - The safer, easier way to pay online!',\n}\n}).render('#donate-button');\n<\/script>\n\n<\/div><\/div>\n\t\t\t\t\t\t<\/div>\n\t\t\t\t<\/div>\n\t\t\t\t<\/div>\n\t\t<div class=\"elementor-element elementor-element-baf0d09 e-con-full e-flex e-con e-child\" data-id=\"baf0d09\" data-element_type=\"container\">\n\t\t\t\t<div class=\"elementor-element elementor-element-0116efa elementor-widget elementor-widget-shortcode\" data-id=\"0116efa\" data-element_type=\"widget\" data-widget_type=\"shortcode.default\">\n\t\t\t\t<div class=\"elementor-widget-container\">\n\t\t\t\t\t\t\t<div class=\"elementor-shortcode\"><div id=\"donate-button-container\">\n<div id=\"donate-button\"><\/div>\n<script src=\"https:\/\/www.paypalobjects.com\/donate\/sdk\/donate-sdk.js\" charset=\"UTF-8\"><\/script>\n<script>\nPayPal.Donation.Button({\nenv:'production',\nhosted_button_id:'CPNU58CWBSRMN',\nimage: {\nsrc:'https:\/\/www.paypalobjects.com\/en_US\/i\/btn\/btn_donateCC_LG.gif',\nalt:'Donate with PayPal button',\ntitle:'PayPal - The safer, easier way to pay online!',\n}\n}).render('#donate-button');\n<\/script>\n<\/div><\/div>\n\t\t\t\t\t\t<\/div>\n\t\t\t\t<\/div>\n\t\t\t\t<\/div>\n\t\t\t\t<\/div>\n\t\t\t\t\t<\/div>\n\t\t\t\t<\/div>\n\t\t<div class=\"elementor-element elementor-element-60e8bb3 e-flex e-con-boxed e-con e-parent\" data-id=\"60e8bb3\" data-element_type=\"container\">\n\t\t\t\t\t<div class=\"e-con-inner\">\n\t\t<div class=\"elementor-element elementor-element-c911270 e-con-full e-flex e-con e-child\" data-id=\"c911270\" data-element_type=\"container\">\n\t\t\t\t<\/div>\n\t\t<div class=\"elementor-element elementor-element-46a6021 e-con-full e-flex e-con e-child\" data-id=\"46a6021\" data-element_type=\"container\">\n\t\t\t\t<\/div>\n\t\t\t\t\t<\/div>\n\t\t\t\t<\/div>\n\t\t<div class=\"elementor-element elementor-element-80e2963 e-flex e-con-boxed e-con e-parent\" data-id=\"80e2963\" data-element_type=\"container\">\n\t\t\t\t\t<div class=\"e-con-inner\">\n\t\t<div class=\"elementor-element elementor-element-b29abee e-con-full e-flex e-con e-child\" data-id=\"b29abee\" data-element_type=\"container\">\n\t\t\t\t<div class=\"elementor-element elementor-element-f095111 elementor-widget elementor-widget-heading\" data-id=\"f095111\" data-element_type=\"widget\" data-widget_type=\"heading.default\">\n\t\t\t\t<div class=\"elementor-widget-container\">\n\t\t\t\t\t<h2 class=\"elementor-heading-title elementor-size-default\">Donations via Bank Transfer \u2013 Caritas Lublin<\/h2>\t\t\t\t<\/div>\n\t\t\t\t<\/div>\n\t\t\t\t<div class=\"elementor-element elementor-element-5990b83 elementor-widget elementor-widget-text-editor\" data-id=\"5990b83\" data-element_type=\"widget\" data-widget_type=\"text-editor.default\">\n\t\t\t\t<div class=\"elementor-widget-container\">\n\t\t\t\t\t\t\t\t\t<strong>In PLN \u2013 with the payment title \u201cmikroskop\u201d<\/strong>\n\nPL 23 1240 1503 1111 0010 5867 6810\n\n&nbsp;\n<br><br>\n<strong>Donate in dollars ($)<\/strong> &#8211; payment title &#8222;microscope&#8221;\n\nPL 59 1240 1503 1787 0000 1752 8364\n\nSWIFT\/BIC: PKOPPLPW\n<br><br>\n<strong>Donate in euro (\u20ac)<\/strong> &#8211; payment title &#8222;microscope&#8221;\n\nPL 72 1240 1503 1978 0000 1752 8377\n\nSWIFT\/BIC: PKOPPLPW\t\t\t\t\t\t\t\t<\/div>\n\t\t\t\t<\/div>\n\t\t\t\t<\/div>\n\t\t\t\t<div class=\"elementor-element elementor-element-fc1cc65 elementor-widget elementor-widget-heading\" data-id=\"fc1cc65\" data-element_type=\"widget\" data-widget_type=\"heading.default\">\n\t\t\t\t<div class=\"elementor-widget-container\">\n\t\t\t\t\t<h2 class=\"elementor-heading-title elementor-size-default\">1.5% Tax Donation (For Individuals in Poland)<\/h2>\t\t\t\t<\/div>\n\t\t\t\t<\/div>\n\t\t\t\t\t<\/div>\n\t\t\t\t<\/div>\n\t\t<div class=\"elementor-element elementor-element-0614a29 e-grid e-con-boxed e-con e-parent\" data-id=\"0614a29\" data-element_type=\"container\">\n\t\t\t\t\t<div class=\"e-con-inner\">\n\t\t\t\t<div class=\"elementor-element elementor-element-2b682ff elementor-widget elementor-widget-text-editor\" data-id=\"2b682ff\" data-element_type=\"widget\" data-widget_type=\"text-editor.default\">\n\t\t\t\t<div class=\"elementor-widget-container\">\n\t\t\t\t\t\t\t\t\t<p><strong>KRS<\/strong> Caritas Lublin <strong>0000204819 &#8211; <\/strong>with the note<strong> &#8222;mikroskop&#8221;<\/strong><\/p>\t\t\t\t\t\t\t\t<\/div>\n\t\t\t\t<\/div>\n\t\t\t\t\t<\/div>\n\t\t\t\t<\/div>\n\t\t<div class=\"elementor-element elementor-element-c0163f8 e-flex e-con-boxed e-con e-parent\" data-id=\"c0163f8\" data-element_type=\"container\">\n\t\t\t\t\t<div class=\"e-con-inner\">\n\t\t\t\t<div class=\"elementor-element elementor-element-dcba78c elementor-widget elementor-widget-image\" data-id=\"dcba78c\" data-element_type=\"widget\" data-widget_type=\"image.default\">\n\t\t\t\t<div class=\"elementor-widget-container\">\n\t\t\t\t\t\t\t\t\t\t\t\t\t\t\t<img decoding=\"async\" width=\"1024\" height=\"576\" src=\"https:\/\/mikroskopdlacharkowa.pl\/wp-content\/uploads\/2025\/03\/op-1-1024x576.jpg\" class=\"attachment-large size-large wp-image-2092\" alt=\"\" srcset=\"https:\/\/mikroskopdlacharkowa.pl\/wp-content\/uploads\/2025\/03\/op-1-1024x576.jpg 1024w, https:\/\/mikroskopdlacharkowa.pl\/wp-content\/uploads\/2025\/03\/op-1-300x169.jpg 300w, https:\/\/mikroskopdlacharkowa.pl\/wp-content\/uploads\/2025\/03\/op-1-768x432.jpg 768w, https:\/\/mikroskopdlacharkowa.pl\/wp-content\/uploads\/2025\/03\/op-1-18x10.jpg 18w, https:\/\/mikroskopdlacharkowa.pl\/wp-content\/uploads\/2025\/03\/op-1.jpg 1280w\" sizes=\"(max-width: 1024px) 100vw, 1024px\" \/>\t\t\t\t\t\t\t\t\t\t\t\t\t\t\t<\/div>\n\t\t\t\t<\/div>\n\t\t\t\t\t<\/div>\n\t\t\t\t<\/div>\n\t\t\t\t<\/div>","protected":false},"excerpt":{"rendered":"<p>wesprzyj akcj\u0119 Do\u0142\u0105cz do grona os\u00f3b, kt\u00f3re pomog\u0105 ujrze\u0107 lepsz\u0105 przysz\u0142o\u015b\u0107 pacjentom szpitala w Charkowie! wp\u0142aty online Wp\u0142aty PayU dost\u0119pne na stronie Caritas Archidiecezji Lubelskiej Wp\u0142aty PayPal &#8211; PLN\/USD wp\u0142aty na konto bankowe Caritas Archidiecezji Lubelskiej w PLN &#8211; z dopiskiem &#8222;mikroskop&#8221; PL 23 1240 1503 1111 0010 5867 6810 &nbsp; Donate in dollars ($) [&hellip;]<\/p>","protected":false},"author":1,"featured_media":0,"parent":0,"menu_order":0,"comment_status":"closed","ping_status":"closed","template":"","meta":{"_surecart_dashboard_logo_width":"180px","_surecart_dashboard_show_logo":true,"_surecart_dashboard_navigation_orders":true,"_surecart_dashboard_navigation_invoices":true,"_surecart_dashboard_navigation_subscriptions":true,"_surecart_dashboard_navigation_downloads":true,"_surecart_dashboard_navigation_billing":true,"_surecart_dashboard_navigation_account":true,"_uag_custom_page_level_css":"","site-sidebar-layout":"no-sidebar","site-content-layout":"page-builder","ast-site-content-layout":"full-width-container","site-content-style":"unboxed","site-sidebar-style":"default","ast-global-header-display":"","ast-banner-title-visibility":"","ast-main-header-display":"","ast-hfb-above-header-display":"","ast-hfb-below-header-display":"","ast-hfb-mobile-header-display":"","site-post-title":"disabled","ast-breadcrumbs-content":"","ast-featured-img":"disabled","footer-sml-layout":"","theme-transparent-header-meta":"enabled","adv-header-id-meta":"","stick-header-meta":"","header-above-stick-meta":"","header-main-stick-meta":"","header-below-stick-meta":"","astra-migrate-meta-layouts":"set","ast-page-background-enabled":"default","ast-page-background-meta":{"desktop":{"background-color":"var(--ast-global-color-4)","background-image":"","background-repeat":"repeat","background-position":"center center","background-size":"auto","background-attachment":"scroll","background-type":"","background-media":"","overlay-type":"","overlay-color":"","overlay-opacity":"","overlay-gradient":""},"tablet":{"background-color":"","background-image":"","background-repeat":"repeat","background-position":"center center","background-size":"auto","background-attachment":"scroll","background-type":"","background-media":"","overlay-type":"","overlay-color":"","overlay-opacity":"","overlay-gradient":""},"mobile":{"background-color":"","background-image":"","background-repeat":"repeat","background-position":"center center","background-size":"auto","background-attachment":"scroll","background-type":"","background-media":"","overlay-type":"","overlay-color":"","overlay-opacity":"","overlay-gradient":""}},"ast-content-background-meta":{"desktop":{"background-color":"var(--ast-global-color-5)","background-image":"","background-repeat":"repeat","background-position":"center center","background-size":"auto","background-attachment":"scroll","background-type":"","background-media":"","overlay-type":"","overlay-color":"","overlay-opacity":"","overlay-gradient":""},"tablet":{"background-color":"var(--ast-global-color-5)","background-image":"","background-repeat":"repeat","background-position":"center center","background-size":"auto","background-attachment":"scroll","background-type":"","background-media":"","overlay-type":"","overlay-color":"","overlay-opacity":"","overlay-gradient":""},"mobile":{"background-color":"var(--ast-global-color-5)","background-image":"","background-repeat":"repeat","background-position":"center center","background-size":"auto","background-attachment":"scroll","background-type":"","background-media":"","overlay-type":"","overlay-color":"","overlay-opacity":"","overlay-gradient":""}},"footnotes":""},"class_list":["post-14","page","type-page","status-publish","hentry"],"uagb_featured_image_src":{"full":false,"thumbnail":false,"medium":false,"medium_large":false,"large":false,"1536x1536":false,"2048x2048":false,"trp-custom-language-flag":false},"uagb_author_info":{"display_name":"Serce","author_link":"https:\/\/mikroskopdlacharkowa.pl\/en\/author\/s247dobrettt\/"},"uagb_comment_info":0,"uagb_excerpt":"wesprzyj akcj\u0119 Do\u0142\u0105cz do grona os\u00f3b, kt\u00f3re pomog\u0105 ujrze\u0107 lepsz\u0105 przysz\u0142o\u015b\u0107 pacjentom szpitala w Charkowie! wp\u0142aty online Wp\u0142aty PayU dost\u0119pne na stronie Caritas Archidiecezji Lubelskiej Wp\u0142aty PayPal &#8211; PLN\/USD wp\u0142aty na konto bankowe Caritas Archidiecezji Lubelskiej w PLN &#8211; z dopiskiem &#8222;mikroskop&#8221; PL 23 1240 1503 1111 0010 5867 6810 &nbsp; Donate in dollars ($)&hellip;","_links":{"self":[{"href":"https:\/\/mikroskopdlacharkowa.pl\/en\/wp-json\/wp\/v2\/pages\/14","targetHints":{"allow":["GET"]}}],"collection":[{"href":"https:\/\/mikroskopdlacharkowa.pl\/en\/wp-json\/wp\/v2\/pages"}],"about":[{"href":"https:\/\/mikroskopdlacharkowa.pl\/en\/wp-json\/wp\/v2\/types\/page"}],"author":[{"embeddable":true,"href":"https:\/\/mikroskopdlacharkowa.pl\/en\/wp-json\/wp\/v2\/users\/1"}],"replies":[{"embeddable":true,"href":"https:\/\/mikroskopdlacharkowa.pl\/en\/wp-json\/wp\/v2\/comments?post=14"}],"version-history":[{"count":123,"href":"https:\/\/mikroskopdlacharkowa.pl\/en\/wp-json\/wp\/v2\/pages\/14\/revisions"}],"predecessor-version":[{"id":2332,"href":"https:\/\/mikroskopdlacharkowa.pl\/en\/wp-json\/wp\/v2\/pages\/14\/revisions\/2332"}],"wp:attachment":[{"href":"https:\/\/mikroskopdlacharkowa.pl\/en\/wp-json\/wp\/v2\/media?parent=14"}],"curies":[{"name":"wp","href":"https:\/\/api.w.org\/{rel}","templated":true}]}}