{"id":16,"date":"2025-03-13T07:56:27","date_gmt":"2025-03-13T07:56:27","guid":{"rendered":"https:\/\/mikroskopdlacharkowa.pl\/contact\/"},"modified":"2025-03-13T23:10:06","modified_gmt":"2025-03-13T23:10:06","slug":"contact","status":"publish","type":"page","link":"https:\/\/mikroskopdlacharkowa.pl\/en\/contact\/","title":{"rendered":"Contact"},"content":{"rendered":"<div data-elementor-type=\"wp-page\" data-elementor-id=\"16\" class=\"elementor elementor-16\">\n\t\t\t\t<div class=\"elementor-element elementor-element-f86c29d e-flex e-con-boxed e-con e-parent\" data-id=\"f86c29d\" data-element_type=\"container\" data-settings=\"{&quot;background_background&quot;:&quot;classic&quot;}\">\n\t\t\t\t\t<div class=\"e-con-inner\">\n\t\t<div class=\"elementor-element elementor-element-c104332 e-con-full e-flex e-con e-child\" data-id=\"c104332\" data-element_type=\"container\">\n\t\t\t\t<div class=\"elementor-element elementor-element-25e01e3 elementor-widget elementor-widget-heading\" data-id=\"25e01e3\" data-element_type=\"widget\" data-widget_type=\"heading.default\">\n\t\t\t\t<div class=\"elementor-widget-container\">\n\t\t\t\t\t<h1 class=\"elementor-heading-title elementor-size-default\">Contact<\/h1>\t\t\t\t<\/div>\n\t\t\t\t<\/div>\n\t\t\t\t<\/div>\n\t\t\t\t\t<\/div>\n\t\t\t\t<\/div>\n\t\t<div class=\"elementor-element elementor-element-a4f2781 e-flex e-con-boxed e-con e-parent\" data-id=\"a4f2781\" data-element_type=\"container\">\n\t\t\t\t\t<div class=\"e-con-inner\">\n\t\t\t\t\t<\/div>\n\t\t\t\t<\/div>\n\t\t<div class=\"elementor-element elementor-element-d3b9bf1 e-flex e-con-boxed e-con e-parent\" data-id=\"d3b9bf1\" data-element_type=\"container\" data-settings=\"{&quot;background_background&quot;:&quot;classic&quot;}\">\n\t\t\t\t\t<div class=\"e-con-inner\">\n\t\t<div class=\"elementor-element elementor-element-4bc6863 e-con-full e-flex e-con e-child\" data-id=\"4bc6863\" data-element_type=\"container\">\n\t\t\t\t<div class=\"elementor-element elementor-element-e8db48e elementor-widget elementor-widget-heading\" data-id=\"e8db48e\" data-element_type=\"widget\" data-widget_type=\"heading.default\">\n\t\t\t\t<div class=\"elementor-widget-container\">\n\t\t\t\t\t<h2 class=\"elementor-heading-title elementor-size-default\">Where can you find us?<\/h2>\t\t\t\t<\/div>\n\t\t\t\t<\/div>\n\t\t\t\t<div class=\"elementor-element elementor-element-d4f5d29 elementor-widget elementor-widget-text-editor\" data-id=\"d4f5d29\" data-element_type=\"widget\" data-widget_type=\"text-editor.default\">\n\t\t\t\t<div class=\"elementor-widget-container\">\n\t\t\t\t\t\t\t\t\t<strong>The Association of Polish Ophthalmic Surgeons<\/strong>\n<br>\n<a href=\"http:\/\/www.scop.org.pl\/\" target=\"_blank\" rel=\"noopener\">website<\/a> \/ <a href=\"https:\/\/www.facebook.com\/stowarzyszeniescop\/about\" target=\"_blank\" rel=\"noopener\">Facebook<\/a>\n\n<br><br>\n<strong>Caritas Lublin<\/strong>\n<br>\n<a href=\"https:\/\/lublin.caritas.pl\" target=\"_blank\" rel=\"noopener\">website<\/a> \/ <a href=\"https:\/\/www.facebook.com\/CaritasLublin\/\" target=\"_blank\" rel=\"noopener\">Facebook<\/a> \/ <a href=\"https:\/\/www.instagram.com\/caritas_al\/\" target=\"_blank\" rel=\"noopener\">Instagram<\/a> \/ <a href=\"http:\/\/www.youtube.com\/@CaritasAL\" target=\"_blank\" rel=\"noopener\">YouTube<\/a>\n\n<br><br>\n<strong>Caritas-Spes Kharkiv\n<\/strong><br>\n<a href=\"https:\/\/www.facebook.com\/groups\/1134792116585874\/\" target=\"_blank\" rel=\"noopener\">Facebook<\/a> \/ <a href=\"https:\/\/www.instagram.com\/caritas.spes.kh\/?hl=en\" target=\"_blank\" rel=\"noopener\">Instagram<\/a><strong>\n<\/strong>\n<br><br>\n<strong>The Military Hospital in Kharkiv, Ukraine<\/strong><br>\n<a href=\"https:\/\/www.instagram.com\/shpytal_kharkiv?igsh=bmNsMW9uaG81Z2xk\" target=\"_blank\" rel=\"noopener\">Instagram<\/a>\n\n&nbsp;\t\t\t\t\t\t\t\t<\/div>\n\t\t\t\t<\/div>\n\t\t\t\t<\/div>\n\t\t\t\t\t<\/div>\n\t\t\t\t<\/div>\n\t\t<div class=\"elementor-element elementor-element-0761815 e-flex e-con-boxed e-con e-parent\" data-id=\"0761815\" data-element_type=\"container\">\n\t\t\t\t\t<div class=\"e-con-inner\">\n\t\t<div class=\"elementor-element elementor-element-f803a6f e-con-full e-flex e-con e-child\" data-id=\"f803a6f\" data-element_type=\"container\">\n\t\t\t\t<div class=\"elementor-element elementor-element-441dd55 elementor-align-center elementor-widget elementor-widget-button\" data-id=\"441dd55\" data-element_type=\"widget\" data-widget_type=\"button.default\">\n\t\t\t\t<div class=\"elementor-widget-container\">\n\t\t\t\t\t\t\t\t\t<div class=\"elementor-button-wrapper\">\n\t\t\t\t\t<a class=\"elementor-button elementor-button-link elementor-size-sm\" href=\"https:\/\/mikroskopdlacharkowa.pl\/en\/donate\/\">\n\t\t\t\t\t\t<span class=\"elementor-button-content-wrapper\">\n\t\t\t\t\t\t\t\t\t<span class=\"elementor-button-text\">donate<\/span>\n\t\t\t\t\t<\/span>\n\t\t\t\t\t<\/a>\n\t\t\t\t<\/div>\n\t\t\t\t\t\t\t\t<\/div>\n\t\t\t\t<\/div>\n\t\t<div class=\"elementor-element elementor-element-74ba368 e-con-full e-flex e-con e-child\" data-id=\"74ba368\" data-element_type=\"container\">\n\t\t\t\t<div class=\"elementor-element elementor-element-d782df1 elementor-widget elementor-widget-image\" data-id=\"d782df1\" data-element_type=\"widget\" data-widget_type=\"image.default\">\n\t\t\t\t<div class=\"elementor-widget-container\">\n\t\t\t\t\t\t\t\t\t\t\t\t\t\t\t<img fetchpriority=\"high\" decoding=\"async\" width=\"1024\" height=\"574\" src=\"https:\/\/mikroskopdlacharkowa.pl\/wp-content\/uploads\/2025\/03\/eye-1024x574.jpeg\" class=\"attachment-large size-large wp-image-2286\" alt=\"\" srcset=\"https:\/\/mikroskopdlacharkowa.pl\/wp-content\/uploads\/2025\/03\/eye-1024x574.jpeg 1024w, https:\/\/mikroskopdlacharkowa.pl\/wp-content\/uploads\/2025\/03\/eye-300x168.jpeg 300w, https:\/\/mikroskopdlacharkowa.pl\/wp-content\/uploads\/2025\/03\/eye-768x430.jpeg 768w, https:\/\/mikroskopdlacharkowa.pl\/wp-content\/uploads\/2025\/03\/eye-1536x861.jpeg 1536w, https:\/\/mikroskopdlacharkowa.pl\/wp-content\/uploads\/2025\/03\/eye-2048x1148.jpeg 2048w, https:\/\/mikroskopdlacharkowa.pl\/wp-content\/uploads\/2025\/03\/eye-18x10.jpeg 18w\" sizes=\"(max-width: 1024px) 100vw, 1024px\" \/>\t\t\t\t\t\t\t\t\t\t\t\t\t\t\t<\/div>\n\t\t\t\t<\/div>\n\t\t\t\t<\/div>\n\t\t\t\t<\/div>\n\t\t\t\t\t<\/div>\n\t\t\t\t<\/div>\n\t\t\t\t<\/div>","protected":false},"excerpt":{"rendered":"<p>Kontakt Gdzie nas znale\u017a\u0107? Stowarzyszenie Chirurg\u00f3w Okulist\u00f3w Polskich strona www \/ Facebook Caritas Archidiecezji Lubelskiej strona www \/ Facebook \/ Instagram \/ YouTube Caritas SPES Chark\u00f3w Facebook \/ Instagram Szpital w Charkowie Instagram &nbsp; wesprzyj<\/p>","protected":false},"author":1,"featured_media":0,"parent":0,"menu_order":0,"comment_status":"closed","ping_status":"closed","template":"","meta":{"_surecart_dashboard_logo_width":"180px","_surecart_dashboard_show_logo":true,"_surecart_dashboard_navigation_orders":true,"_surecart_dashboard_navigation_invoices":true,"_surecart_dashboard_navigation_subscriptions":true,"_surecart_dashboard_navigation_downloads":true,"_surecart_dashboard_navigation_billing":true,"_surecart_dashboard_navigation_account":true,"_uag_custom_page_level_css":"","site-sidebar-layout":"no-sidebar","site-content-layout":"page-builder","ast-site-content-layout":"full-width-container","site-content-style":"unboxed","site-sidebar-style":"unboxed","ast-global-header-display":"","ast-banner-title-visibility":"","ast-main-header-display":"","ast-hfb-above-header-display":"","ast-hfb-below-header-display":"","ast-hfb-mobile-header-display":"","site-post-title":"disabled","ast-breadcrumbs-content":"","ast-featured-img":"disabled","footer-sml-layout":"","theme-transparent-header-meta":"enabled","adv-header-id-meta":"","stick-header-meta":"","header-above-stick-meta":"","header-main-stick-meta":"","header-below-stick-meta":"","astra-migrate-meta-layouts":"set","ast-page-background-enabled":"default","ast-page-background-meta":{"desktop":{"background-color":"var(--ast-global-color-4)","background-image":"","background-repeat":"repeat","background-position":"center center","background-size":"auto","background-attachment":"scroll","background-type":"","background-media":"","overlay-type":"","overlay-color":"","overlay-opacity":"","overlay-gradient":""},"tablet":{"background-color":"","background-image":"","background-repeat":"repeat","background-position":"center center","background-size":"auto","background-attachment":"scroll","background-type":"","background-media":"","overlay-type":"","overlay-color":"","overlay-opacity":"","overlay-gradient":""},"mobile":{"background-color":"","background-image":"","background-repeat":"repeat","background-position":"center center","background-size":"auto","background-attachment":"scroll","background-type":"","background-media":"","overlay-type":"","overlay-color":"","overlay-opacity":"","overlay-gradient":""}},"ast-content-background-meta":{"desktop":{"background-color":"var(--ast-global-color-5)","background-image":"","background-repeat":"repeat","background-position":"center center","background-size":"auto","background-attachment":"scroll","background-type":"","background-media":"","overlay-type":"","overlay-color":"","overlay-opacity":"","overlay-gradient":""},"tablet":{"background-color":"var(--ast-global-color-5)","background-image":"","background-repeat":"repeat","background-position":"center center","background-size":"auto","background-attachment":"scroll","background-type":"","background-media":"","overlay-type":"","overlay-color":"","overlay-opacity":"","overlay-gradient":""},"mobile":{"background-color":"var(--ast-global-color-5)","background-image":"","background-repeat":"repeat","background-position":"center center","background-size":"auto","background-attachment":"scroll","background-type":"","background-media":"","overlay-type":"","overlay-color":"","overlay-opacity":"","overlay-gradient":""}},"footnotes":""},"class_list":["post-16","page","type-page","status-publish","hentry"],"uagb_featured_image_src":{"full":false,"thumbnail":false,"medium":false,"medium_large":false,"large":false,"1536x1536":false,"2048x2048":false,"trp-custom-language-flag":false},"uagb_author_info":{"display_name":"Serce","author_link":"https:\/\/mikroskopdlacharkowa.pl\/en\/author\/s247dobrettt\/"},"uagb_comment_info":0,"uagb_excerpt":"Kontakt Gdzie nas znale\u017a\u0107? Stowarzyszenie Chirurg\u00f3w Okulist\u00f3w Polskich strona www \/ Facebook Caritas Archidiecezji Lubelskiej strona www \/ Facebook \/ Instagram \/ YouTube Caritas SPES Chark\u00f3w Facebook \/ Instagram Szpital w Charkowie Instagram &nbsp; wesprzyj","_links":{"self":[{"href":"https:\/\/mikroskopdlacharkowa.pl\/en\/wp-json\/wp\/v2\/pages\/16","targetHints":{"allow":["GET"]}}],"collection":[{"href":"https:\/\/mikroskopdlacharkowa.pl\/en\/wp-json\/wp\/v2\/pages"}],"about":[{"href":"https:\/\/mikroskopdlacharkowa.pl\/en\/wp-json\/wp\/v2\/types\/page"}],"author":[{"embeddable":true,"href":"https:\/\/mikroskopdlacharkowa.pl\/en\/wp-json\/wp\/v2\/users\/1"}],"replies":[{"embeddable":true,"href":"https:\/\/mikroskopdlacharkowa.pl\/en\/wp-json\/wp\/v2\/comments?post=16"}],"version-history":[{"count":48,"href":"https:\/\/mikroskopdlacharkowa.pl\/en\/wp-json\/wp\/v2\/pages\/16\/revisions"}],"predecessor-version":[{"id":2289,"href":"https:\/\/mikroskopdlacharkowa.pl\/en\/wp-json\/wp\/v2\/pages\/16\/revisions\/2289"}],"wp:attachment":[{"href":"https:\/\/mikroskopdlacharkowa.pl\/en\/wp-json\/wp\/v2\/media?parent=16"}],"curies":[{"name":"wp","href":"https:\/\/api.w.org\/{rel}","templated":true}]}}