{"id":1838,"date":"2025-03-13T08:32:27","date_gmt":"2025-03-13T08:32:27","guid":{"rendered":"https:\/\/mikroskopdlacharkowa.pl\/home-2\/"},"modified":"2025-03-13T23:11:55","modified_gmt":"2025-03-13T23:11:55","slug":"home","status":"publish","type":"page","link":"https:\/\/mikroskopdlacharkowa.pl\/en\/","title":{"rendered":"Home"},"content":{"rendered":"<div data-elementor-type=\"wp-page\" data-elementor-id=\"1838\" class=\"elementor elementor-1838\">\n\t\t\t\t<div class=\"elementor-element elementor-element-9783628 e-flex e-con-boxed e-con e-parent\" data-id=\"9783628\" data-element_type=\"container\" data-settings=\"{&quot;background_background&quot;:&quot;classic&quot;}\">\n\t\t\t\t\t<div class=\"e-con-inner\">\n\t\t<div class=\"elementor-element elementor-element-05ba369 e-con-full e-flex e-con e-child\" data-id=\"05ba369\" data-element_type=\"container\">\n\t\t\t\t<div class=\"elementor-element elementor-element-5117318 elementor-widget elementor-widget-spacer\" data-id=\"5117318\" data-element_type=\"widget\" data-widget_type=\"spacer.default\">\n\t\t\t\t<div class=\"elementor-widget-container\">\n\t\t\t\t\t\t\t<div class=\"elementor-spacer\">\n\t\t\t<div class=\"elementor-spacer-inner\"><\/div>\n\t\t<\/div>\n\t\t\t\t\t\t<\/div>\n\t\t\t\t<\/div>\n\t\t\t\t<div class=\"elementor-element elementor-element-936a3d8 elementor-widget elementor-widget-heading\" data-id=\"936a3d8\" data-element_type=\"widget\" data-widget_type=\"heading.default\">\n\t\t\t\t<div class=\"elementor-widget-container\">\n\t\t\t\t\t<h1 class=\"elementor-heading-title elementor-size-default\">Help them<\/h1>\t\t\t\t<\/div>\n\t\t\t\t<\/div>\n\t\t\t\t<div class=\"elementor-element elementor-element-c861921 elementor-widget elementor-widget-heading\" data-id=\"c861921\" data-element_type=\"widget\" data-widget_type=\"heading.default\">\n\t\t\t\t<div class=\"elementor-widget-container\">\n\t\t\t\t\t<h2 class=\"elementor-heading-title elementor-size-default\">see a better future<\/h2>\t\t\t\t<\/div>\n\t\t\t\t<\/div>\n\t\t\t\t<div class=\"elementor-element elementor-element-0e8694a elementor-align-center elementor-widget elementor-widget-button\" data-id=\"0e8694a\" data-element_type=\"widget\" data-widget_type=\"button.default\">\n\t\t\t\t<div class=\"elementor-widget-container\">\n\t\t\t\t\t\t\t\t\t<div class=\"elementor-button-wrapper\">\n\t\t\t\t\t<a class=\"elementor-button elementor-button-link elementor-size-sm\" href=\"https:\/\/mikroskopdlacharkowa.pl\/en\/donate\/\">\n\t\t\t\t\t\t<span class=\"elementor-button-content-wrapper\">\n\t\t\t\t\t\t\t\t\t<span class=\"elementor-button-text\">donate<\/span>\n\t\t\t\t\t<\/span>\n\t\t\t\t\t<\/a>\n\t\t\t\t<\/div>\n\t\t\t\t\t\t\t\t<\/div>\n\t\t\t\t<\/div>\n\t\t\t\t<\/div>\n\t\t\t\t\t<\/div>\n\t\t\t\t<\/div>\n\t\t<div class=\"elementor-element elementor-element-3b6224f e-grid e-con-boxed e-con e-parent\" data-id=\"3b6224f\" data-element_type=\"container\">\n\t\t\t\t\t<div class=\"e-con-inner\">\n\t\t\t\t<div class=\"elementor-element elementor-element-87fed4f elementor-widget elementor-widget-text-editor\" data-id=\"87fed4f\" data-element_type=\"widget\" data-widget_type=\"text-editor.default\">\n\t\t\t\t<div class=\"elementor-widget-container\">\n\t\t\t\t\t\t\t\t\t<h4>\"Microscope for Kharkiv\" is a joint charitable initiative by the Association of Polish Ophthalmic Surgeons, Caritas Lublin in Poland, and Caritas-Spes Kharkiv in Ukraine.\u00a0<\/h4>\t\t\t\t\t\t\t\t<\/div>\n\t\t\t\t<\/div>\n\t\t\t\t<div class=\"elementor-element elementor-element-4309881 elementor-widget elementor-widget-text-editor\" data-id=\"4309881\" data-element_type=\"widget\" data-widget_type=\"text-editor.default\">\n\t\t\t\t<div class=\"elementor-widget-container\">\n\t\t\t\t\t\t\t\t\t<p>The goal of this initiative is to raise funds for the purchase and delivery of a surgical microscope to the Military Hospital in Kharkiv, Ukraine, which is facing a shortage of essential medical equipment needed to perform life-saving surgeries and provide care for both war victims and regular patients.<\/p>\t\t\t\t\t\t\t\t<\/div>\n\t\t\t\t<\/div>\n\t\t\t\t\t<\/div>\n\t\t\t\t<\/div>\n\t\t<div class=\"elementor-element elementor-element-3bf2289 e-flex e-con-boxed e-con e-parent\" data-id=\"3bf2289\" data-element_type=\"container\">\n\t\t\t\t\t<div class=\"e-con-inner\">\n\t\t\t\t<div class=\"elementor-element elementor-element-5911871 elementor-align-center elementor-widget elementor-widget-button\" data-id=\"5911871\" data-element_type=\"widget\" data-widget_type=\"button.default\">\n\t\t\t\t<div class=\"elementor-widget-container\">\n\t\t\t\t\t\t\t\t\t<div class=\"elementor-button-wrapper\">\n\t\t\t\t\t<a class=\"elementor-button elementor-button-link elementor-size-sm\" href=\"https:\/\/mikroskopdlacharkowa.pl\/en\/info\/\">\n\t\t\t\t\t\t<span class=\"elementor-button-content-wrapper\">\n\t\t\t\t\t\t\t\t\t<span class=\"elementor-button-text\">Learn more about the initiative<\/span>\n\t\t\t\t\t<\/span>\n\t\t\t\t\t<\/a>\n\t\t\t\t<\/div>\n\t\t\t\t\t\t\t\t<\/div>\n\t\t\t\t<\/div>\n\t\t\t\t\t<\/div>\n\t\t\t\t<\/div>\n\t\t<div class=\"elementor-element elementor-element-f452641 e-flex e-con-boxed e-con e-parent\" data-id=\"f452641\" data-element_type=\"container\">\n\t\t\t\t\t<div class=\"e-con-inner\">\n\t\t<div class=\"elementor-element elementor-element-47dcaa6 e-con-full e-flex e-con e-child\" data-id=\"47dcaa6\" data-element_type=\"container\">\n\t\t\t\t<div class=\"elementor-element elementor-element-2d75fce elementor-widget elementor-widget-image\" data-id=\"2d75fce\" data-element_type=\"widget\" data-widget_type=\"image.default\">\n\t\t\t\t<div class=\"elementor-widget-container\">\n\t\t\t\t\t\t\t\t\t\t\t\t\t\t\t<img fetchpriority=\"high\" decoding=\"async\" width=\"1024\" height=\"576\" src=\"https:\/\/mikroskopdlacharkowa.pl\/wp-content\/uploads\/2025\/03\/op-1-1024x576.jpg\" class=\"attachment-large size-large wp-image-2092\" alt=\"\" srcset=\"https:\/\/mikroskopdlacharkowa.pl\/wp-content\/uploads\/2025\/03\/op-1-1024x576.jpg 1024w, https:\/\/mikroskopdlacharkowa.pl\/wp-content\/uploads\/2025\/03\/op-1-300x169.jpg 300w, https:\/\/mikroskopdlacharkowa.pl\/wp-content\/uploads\/2025\/03\/op-1-768x432.jpg 768w, https:\/\/mikroskopdlacharkowa.pl\/wp-content\/uploads\/2025\/03\/op-1-18x10.jpg 18w, https:\/\/mikroskopdlacharkowa.pl\/wp-content\/uploads\/2025\/03\/op-1.jpg 1280w\" sizes=\"(max-width: 1024px) 100vw, 1024px\" \/>\t\t\t\t\t\t\t\t\t\t\t\t\t\t\t<\/div>\n\t\t\t\t<\/div>\n\t\t\t\t<\/div>\n\t\t\t\t\t<\/div>\n\t\t\t\t<\/div>\n\t\t\t\t<\/div>","protected":false},"excerpt":{"rendered":"<p>pom\u00f3\u017c ujrze\u0107 lepsz\u0105 przysz\u0142o\u015b\u0107 wesprzyj &#8222;Mikroskop dla Charkowa&#8221; to wsp\u00f3lna akcja pomocowa Stowarzyszenia Chirurg\u00f3w Okulist\u00f3w Polskich, Caritas Archidiecezji Lubelskiej oraz Caritas Spes Chark\u00f3w.\u00a0 Jej celem jest zebranie \u015brodk\u00f3w na zakup i przekazanie mikroskopu operacyjnego dla Szpitala Wojskowego w Charkowie, kt\u00f3ry zmaga si\u0119 z brakiem sprz\u0119tu medycznego niezb\u0119dnego do przeprowadzania najpotrzebniejszych operacji i pomocy zar\u00f3wno ofiarom [&hellip;]<\/p>","protected":false},"author":1,"featured_media":0,"parent":0,"menu_order":0,"comment_status":"closed","ping_status":"closed","template":"","meta":{"_surecart_dashboard_logo_width":"180px","_surecart_dashboard_show_logo":true,"_surecart_dashboard_navigation_orders":true,"_surecart_dashboard_navigation_invoices":true,"_surecart_dashboard_navigation_subscriptions":true,"_surecart_dashboard_navigation_downloads":true,"_surecart_dashboard_navigation_billing":true,"_surecart_dashboard_navigation_account":true,"_uag_custom_page_level_css":"","site-sidebar-layout":"no-sidebar","site-content-layout":"page-builder","ast-site-content-layout":"full-width-container","site-content-style":"unboxed","site-sidebar-style":"unboxed","ast-global-header-display":"","ast-banner-title-visibility":"","ast-main-header-display":"","ast-hfb-above-header-display":"","ast-hfb-below-header-display":"","ast-hfb-mobile-header-display":"","site-post-title":"disabled","ast-breadcrumbs-content":"","ast-featured-img":"disabled","footer-sml-layout":"","theme-transparent-header-meta":"enabled","adv-header-id-meta":"","stick-header-meta":"","header-above-stick-meta":"","header-main-stick-meta":"","header-below-stick-meta":"","astra-migrate-meta-layouts":"set","ast-page-background-enabled":"default","ast-page-background-meta":{"desktop":{"background-color":"var(--ast-global-color-4)","background-image":"","background-repeat":"repeat","background-position":"center center","background-size":"auto","background-attachment":"scroll","background-type":"","background-media":"","overlay-type":"","overlay-color":"","overlay-opacity":"","overlay-gradient":""},"tablet":{"background-color":"","background-image":"","background-repeat":"repeat","background-position":"center center","background-size":"auto","background-attachment":"scroll","background-type":"","background-media":"","overlay-type":"","overlay-color":"","overlay-opacity":"","overlay-gradient":""},"mobile":{"background-color":"","background-image":"","background-repeat":"repeat","background-position":"center center","background-size":"auto","background-attachment":"scroll","background-type":"","background-media":"","overlay-type":"","overlay-color":"","overlay-opacity":"","overlay-gradient":""}},"ast-content-background-meta":{"desktop":{"background-color":"var(--ast-global-color-5)","background-image":"","background-repeat":"repeat","background-position":"center center","background-size":"auto","background-attachment":"scroll","background-type":"","background-media":"","overlay-type":"","overlay-color":"","overlay-opacity":"","overlay-gradient":""},"tablet":{"background-color":"var(--ast-global-color-5)","background-image":"","background-repeat":"repeat","background-position":"center center","background-size":"auto","background-attachment":"scroll","background-type":"","background-media":"","overlay-type":"","overlay-color":"","overlay-opacity":"","overlay-gradient":""},"mobile":{"background-color":"var(--ast-global-color-5)","background-image":"","background-repeat":"repeat","background-position":"center center","background-size":"auto","background-attachment":"scroll","background-type":"","background-media":"","overlay-type":"","overlay-color":"","overlay-opacity":"","overlay-gradient":""}},"footnotes":""},"class_list":["post-1838","page","type-page","status-publish","hentry"],"uagb_featured_image_src":{"full":false,"thumbnail":false,"medium":false,"medium_large":false,"large":false,"1536x1536":false,"2048x2048":false,"trp-custom-language-flag":false},"uagb_author_info":{"display_name":"Serce","author_link":"https:\/\/mikroskopdlacharkowa.pl\/en\/author\/s247dobrettt\/"},"uagb_comment_info":0,"uagb_excerpt":"pom\u00f3\u017c ujrze\u0107 lepsz\u0105 przysz\u0142o\u015b\u0107 wesprzyj &#8222;Mikroskop dla Charkowa&#8221; to wsp\u00f3lna akcja pomocowa Stowarzyszenia Chirurg\u00f3w Okulist\u00f3w Polskich, Caritas Archidiecezji Lubelskiej oraz Caritas Spes Chark\u00f3w.\u00a0 Jej celem jest zebranie \u015brodk\u00f3w na zakup i przekazanie mikroskopu operacyjnego dla Szpitala Wojskowego w Charkowie, kt\u00f3ry zmaga si\u0119 z brakiem sprz\u0119tu medycznego niezb\u0119dnego do przeprowadzania najpotrzebniejszych operacji i pomocy zar\u00f3wno ofiarom&hellip;","_links":{"self":[{"href":"https:\/\/mikroskopdlacharkowa.pl\/en\/wp-json\/wp\/v2\/pages\/1838","targetHints":{"allow":["GET"]}}],"collection":[{"href":"https:\/\/mikroskopdlacharkowa.pl\/en\/wp-json\/wp\/v2\/pages"}],"about":[{"href":"https:\/\/mikroskopdlacharkowa.pl\/en\/wp-json\/wp\/v2\/types\/page"}],"author":[{"embeddable":true,"href":"https:\/\/mikroskopdlacharkowa.pl\/en\/wp-json\/wp\/v2\/users\/1"}],"replies":[{"embeddable":true,"href":"https:\/\/mikroskopdlacharkowa.pl\/en\/wp-json\/wp\/v2\/comments?post=1838"}],"version-history":[{"count":75,"href":"https:\/\/mikroskopdlacharkowa.pl\/en\/wp-json\/wp\/v2\/pages\/1838\/revisions"}],"predecessor-version":[{"id":2292,"href":"https:\/\/mikroskopdlacharkowa.pl\/en\/wp-json\/wp\/v2\/pages\/1838\/revisions\/2292"}],"wp:attachment":[{"href":"https:\/\/mikroskopdlacharkowa.pl\/en\/wp-json\/wp\/v2\/media?parent=1838"}],"curies":[{"name":"wp","href":"https:\/\/api.w.org\/{rel}","templated":true}]}}